{"id":6779,"date":"2020-04-02T05:22:40","date_gmt":"2020-04-02T05:22:40","guid":{"rendered":"http:\/\/imperialware.net\/es\/ultra-fresh-reverse-osmosis-medtek\/components\/"},"modified":"2020-04-07T04:13:43","modified_gmt":"2020-04-07T04:13:43","slug":"components","status":"publish","type":"page","link":"https:\/\/www.imperialware.net\/es\/ultra-fresh-reverse-osmosis-medtek\/components\/","title":{"rendered":"Componentes"},"content":{"rendered":"<div class=\"wpb-content-wrapper\"><p>[vc_row full_width=\u00bb\u00bb parallax=\u00bb\u00bb parallax_image=\u00bb\u00bb bg_type=\u00bb\u00bb parallax_style=\u00bb\u00bb bg_image_new=\u00bb\u00bb layer_image=\u00bb\u00bb bg_image_repeat=\u00bb\u00bb bg_image_size=\u00bb\u00bb bg_cstm_size=\u00bb\u00bb bg_img_attach=\u00bb\u00bb parallax_sense=\u00bb\u00bb bg_image_posiiton=\u00bb\u00bb animation_direction=\u00bb\u00bb animation_repeat=\u00bb\u00bb video_url=\u00bb\u00bb video_url_2=\u00bb\u00bb u_video_url=\u00bb\u00bb video_opts=\u00bb\u00bb video_poster=\u00bb\u00bb u_start_time=\u00bb\u00bb u_stop_time=\u00bb\u00bb viewport_vdo=\u00bb\u00bb enable_controls=\u00bb\u00bb bg_override=\u00bb\u00bb disable_on_mobile_img_parallax=\u00bb\u00bb parallax_content=\u00bb\u00bb parallax_content_sense=\u00bb\u00bb fadeout_row=\u00bb\u00bb fadeout_start_effect=\u00bb\u00bb enable_overlay=\u00bb\u00bb overlay_color=\u00bb\u00bb overlay_pattern=\u00bb\u00bb overlay_pattern_opacity=\u00bb\u00bb overlay_pattern_size=\u00bb\u00bb overlay_pattern_attachment=\u00bb\u00bb multi_color_overlay=\u00bb\u00bb multi_color_overlay_opacity=\u00bb\u00bb seperator_enable=\u00bb\u00bb seperator_type=\u00bb\u00bb seperator_position=\u00bb\u00bb seperator_shape_size=\u00bb\u00bb seperator_svg_height=\u00bb\u00bb seperator_shape_background=\u00bb\u00bb seperator_shape_border=\u00bb\u00bb seperator_shape_border_color=\u00bb\u00bb seperator_shape_border_width=\u00bb\u00bb icon_type=\u00bb\u00bb icon=\u00bb\u00bb icon_size=\u00bb\u00bb icon_color=\u00bb\u00bb icon_style=\u00bb\u00bb icon_color_bg=\u00bb\u00bb icon_border_style=\u00bb\u00bb icon_color_border=\u00bb\u00bb icon_border_size=\u00bb\u00bb icon_border_radius=\u00bb\u00bb icon_border_spacing=\u00bb\u00bb icon_img=\u00bb\u00bb img_width=\u00bb\u00bb ult_hide_row=\u00bb\u00bb ult_hide_row_large_screen=\u00bb\u00bb ult_hide_row_desktop=\u00bb\u00bb ult_hide_row_tablet=\u00bb\u00bb ult_hide_row_tablet_small=\u00bb\u00bb ult_hide_row_mobile=\u00bb\u00bb ult_hide_row_mobile_large=\u00bb\u00bb][vc_column width=\u00bb1\/1&#8243;]<div class=\"ult-spacer spacer-69ea6fa56654f\" data-id=\"69ea6fa56654f\" data-height=\"30\" data-height-mobile=\"30\" data-height-tab=\"30\" data-height-tab-portrait=\"\" data-height-mobile-landscape=\"\" style=\"clear:both;display:block;\"><\/div><div id=\"ultimate-heading69ea6fa56657b\" class=\"uvc-heading ultimate-heading69ea6fa56657b uvc-9467 \" data-hspacer=\"no_spacer\"  data-halign=\"center\" style=\"text-align:center\"><div class=\"uvc-heading-spacer no_spacer\" style=\"\"><\/div><div class=\"uvc-main-heading ult-responsive\"  data-ultimate-target='.uvc-heading.ultimate-heading69ea6fa56657b h2'  data-responsive-json-new='{\"font-size\":\"\",\"line-height\":\"\"}' ><h2 style=\"font-weight:normal;\">Ultra Fresh MedTek\u00ae +PH &amp; ORP NEGATIVO = ESTILO DE VIDA POSITIVO! <\/h2><\/div><\/div>[\/vc_column][\/vc_row][vc_row full_width=\u00bb\u00bb parallax=\u00bb\u00bb parallax_image=\u00bb\u00bb bg_type=\u00bb\u00bb parallax_style=\u00bb\u00bb bg_image_new=\u00bb\u00bb layer_image=\u00bb\u00bb bg_image_repeat=\u00bb\u00bb bg_image_size=\u00bb\u00bb bg_cstm_size=\u00bb\u00bb bg_img_attach=\u00bb\u00bb parallax_sense=\u00bb\u00bb bg_image_posiiton=\u00bb\u00bb animation_direction=\u00bb\u00bb animation_repeat=\u00bb\u00bb video_url=\u00bb\u00bb video_url_2=\u00bb\u00bb u_video_url=\u00bb\u00bb video_opts=\u00bb\u00bb video_poster=\u00bb\u00bb u_start_time=\u00bb\u00bb u_stop_time=\u00bb\u00bb viewport_vdo=\u00bb\u00bb enable_controls=\u00bb\u00bb bg_override=\u00bb\u00bb disable_on_mobile_img_parallax=\u00bb\u00bb parallax_content=\u00bb\u00bb parallax_content_sense=\u00bb\u00bb fadeout_row=\u00bb\u00bb fadeout_start_effect=\u00bb\u00bb enable_overlay=\u00bb\u00bb overlay_color=\u00bb\u00bb overlay_pattern=\u00bb\u00bb overlay_pattern_opacity=\u00bb\u00bb overlay_pattern_size=\u00bb\u00bb overlay_pattern_attachment=\u00bb\u00bb multi_color_overlay=\u00bb\u00bb multi_color_overlay_opacity=\u00bb\u00bb seperator_enable=\u00bb\u00bb seperator_type=\u00bb\u00bb seperator_position=\u00bb\u00bb seperator_shape_size=\u00bb\u00bb seperator_svg_height=\u00bb\u00bb seperator_shape_background=\u00bb\u00bb seperator_shape_border=\u00bb\u00bb seperator_shape_border_color=\u00bb\u00bb seperator_shape_border_width=\u00bb\u00bb icon_type=\u00bb\u00bb icon=\u00bb\u00bb icon_size=\u00bb\u00bb icon_color=\u00bb\u00bb icon_style=\u00bb\u00bb icon_color_bg=\u00bb\u00bb icon_border_style=\u00bb\u00bb icon_color_border=\u00bb\u00bb icon_border_size=\u00bb\u00bb icon_border_radius=\u00bb\u00bb icon_border_spacing=\u00bb\u00bb icon_img=\u00bb\u00bb img_width=\u00bb\u00bb ult_hide_row=\u00bb\u00bb ult_hide_row_large_screen=\u00bb\u00bb ult_hide_row_desktop=\u00bb\u00bb ult_hide_row_tablet=\u00bb\u00bb ult_hide_row_tablet_small=\u00bb\u00bb ult_hide_row_mobile=\u00bb\u00bb ult_hide_row_mobile_large=\u00bb\u00bb][vc_column width=\u00bb1\/4&#8243;]<div class=\"ult-spacer spacer-69ea6fa566598\" data-id=\"69ea6fa566598\" data-height=\"20\" data-height-mobile=\"20\" data-height-tab=\"20\" data-height-tab-portrait=\"\" data-height-mobile-landscape=\"\" style=\"clear:both;display:block;\"><\/div><div id=\"ultimate-heading69ea6fa5665af\" class=\"uvc-heading ultimate-heading69ea6fa5665af uvc-4603 \" data-hspacer=\"no_spacer\"  data-halign=\"left\" style=\"text-align:left\"><div class=\"uvc-heading-spacer no_spacer\" style=\"\"><\/div><div class=\"uvc-sub-heading ult-responsive\"  data-ultimate-target='.uvc-heading.ultimate-heading69ea6fa5665af .uvc-sub-heading '  data-responsive-json-new='{\"font-size\":\"\",\"line-height\":\"\"}'  style=\"font-weight:normal;\"><span style=\"color: #e65c00;\"> 1. <b>Prefiltro de sedimentos:<\/b><br \/>\nLa mejor barrera de protecci\u00f3n y muy efectivo deteniendo sedimentos, \u00f3xido, peque\u00f1as piezas de metal y peque\u00f1os insectos de hasta 5 micras.<br \/>\n<\/span><br \/>\n<span style=\"color: #008000;\">2. <b>Carb\u00f3n de coco activado y carbono catal\u00edtico:<\/b><br \/>\nesta etapa ayuda a remover los gases disueltos (nitr\u00f3geno, ox\u00edgeno, di\u00f3xido de carbono).<br \/>\n<\/span><br \/>\n<span style=\"color: #6600cc;\">3.<b>Etapa alcalina de alta calidad:<\/b><br \/>\nEs formulada con minerales naturales para revitalizar naturalmente el agua, aumentar el pH de las aguas y reducir el ORP para generar un agua alcalina antioxidante y una hidrataci\u00f3n m\u00e1s efectiva.<br \/>\n<\/span><br \/>\n<span style=\"color: #0000ff;\">4. <b>Membrana RO ultra fresca:<\/b><br \/>\nLa mejor barrera de protecci\u00f3n contra una gran gama de Total de TDS (Total de s\u00f3lidos disueltos totales en agua). Bacterias, Virus y Metales Pesados.<br \/>\n<\/span><br \/>\n<span style=\"color: #660033;\">5. <b>Etapa de remineralizaci\u00f3n:<\/b><\/span><\/p>\n<p>Esta etapa natural de carbonato de calcio natural corrige el PH lo suficiente para alcanzar un equilibrio no corrosivo y asegura la mejor extraccion del sabor. (Ayuda con + PH y -ORP)<\/p>\n<p><span style=\"color: #000066;\">6. <b>Carb\u00f3n de coco:<\/b><br \/>\nEl carb\u00f3n activado granular de c\u00e1scara de coco que mejora el sabor de las aguas.<br \/>\n<\/span><br \/>\n<span style=\"color: #d0af14;\">7. <b>Etapa de esterilizaci\u00f3n:<\/b><br \/>\nTecnolog\u00eda que supera la de la luz ultravioleta sin el uso de electricidad. En solo 0,01 segundos, la estructura molecular del ADN de los pat\u00f3genos se destruye durante el intercambio i\u00f3nico.<br \/>\n<\/span><\/p>\n<hr \/>\n<p><\/div><\/div>[\/vc_column][vc_column width=\u00bb1\/2&#8243;]<div class=\"ult-spacer spacer-69ea6fa5665c1\" data-id=\"69ea6fa5665c1\" data-height=\"20\" data-height-mobile=\"20\" data-height-tab=\"20\" data-height-tab-portrait=\"\" data-height-mobile-landscape=\"\" style=\"clear:both;display:block;\"><\/div>[vc_single_image image=\u00bb6659&#8243; alignment=\u00bbcenter\u00bb style=\u00bb\u00bb border_color=\u00bbgrey\u00bb img_link_large=\u00bb\u00bb img_link_target=\u00bb_self\u00bb css_animation=\u00bb\u00bb img_size=\u00bblarge\u00bb][vc_single_image image=\u00bb6691&#8243; alignment=\u00bbcenter\u00bb style=\u00bb\u00bb border_color=\u00bbgrey\u00bb img_link_large=\u00bb\u00bb img_link_target=\u00bb_self\u00bb css_animation=\u00bb\u00bb img_size=\u00bblarge\u00bb][\/vc_column][vc_column width=\u00bb1\/4&#8243;]<div class=\"ult-spacer spacer-69ea6fa5665cf\" data-id=\"69ea6fa5665cf\" data-height=\"20\" data-height-mobile=\"20\" data-height-tab=\"20\" data-height-tab-portrait=\"\" data-height-mobile-landscape=\"\" style=\"clear:both;display:block;\"><\/div>[vc_wp_custommenu nav_menu=\u00bb76&#8243;][\/vc_column][\/vc_row][vc_row full_width=\u00bb\u00bb parallax=\u00bb\u00bb parallax_image=\u00bb\u00bb bg_type=\u00bb\u00bb parallax_style=\u00bb\u00bb bg_image_new=\u00bb\u00bb layer_image=\u00bb\u00bb bg_image_repeat=\u00bb\u00bb bg_image_size=\u00bb\u00bb bg_cstm_size=\u00bb\u00bb bg_img_attach=\u00bb\u00bb parallax_sense=\u00bb\u00bb bg_image_posiiton=\u00bb\u00bb animation_direction=\u00bb\u00bb animation_repeat=\u00bb\u00bb video_url=\u00bb\u00bb video_url_2=\u00bb\u00bb u_video_url=\u00bb\u00bb video_opts=\u00bb\u00bb video_poster=\u00bb\u00bb u_start_time=\u00bb\u00bb u_stop_time=\u00bb\u00bb viewport_vdo=\u00bb\u00bb enable_controls=\u00bb\u00bb bg_override=\u00bb\u00bb disable_on_mobile_img_parallax=\u00bb\u00bb parallax_content=\u00bb\u00bb parallax_content_sense=\u00bb\u00bb fadeout_row=\u00bb\u00bb fadeout_start_effect=\u00bb\u00bb enable_overlay=\u00bb\u00bb overlay_color=\u00bb\u00bb overlay_pattern=\u00bb\u00bb overlay_pattern_opacity=\u00bb\u00bb overlay_pattern_size=\u00bb\u00bb overlay_pattern_attachment=\u00bb\u00bb multi_color_overlay=\u00bb\u00bb multi_color_overlay_opacity=\u00bb\u00bb seperator_enable=\u00bb\u00bb seperator_type=\u00bb\u00bb seperator_position=\u00bb\u00bb seperator_shape_size=\u00bb\u00bb seperator_svg_height=\u00bb\u00bb seperator_shape_background=\u00bb\u00bb seperator_shape_border=\u00bb\u00bb seperator_shape_border_color=\u00bb\u00bb seperator_shape_border_width=\u00bb\u00bb icon_type=\u00bb\u00bb icon=\u00bb\u00bb icon_size=\u00bb\u00bb icon_color=\u00bb\u00bb icon_style=\u00bb\u00bb icon_color_bg=\u00bb\u00bb icon_border_style=\u00bb\u00bb icon_color_border=\u00bb\u00bb icon_border_size=\u00bb\u00bb icon_border_radius=\u00bb\u00bb icon_border_spacing=\u00bb\u00bb icon_img=\u00bb\u00bb img_width=\u00bb\u00bb ult_hide_row=\u00bb\u00bb ult_hide_row_large_screen=\u00bb\u00bb ult_hide_row_desktop=\u00bb\u00bb ult_hide_row_tablet=\u00bb\u00bb ult_hide_row_tablet_small=\u00bb\u00bb ult_hide_row_mobile=\u00bb\u00bb ult_hide_row_mobile_large=\u00bb\u00bb][vc_column width=\u00bb1\/1&#8243;]<div class=\"ult-spacer spacer-69ea6fa5665d9\" data-id=\"69ea6fa5665d9\" data-height=\"20\" data-height-mobile=\"20\" data-height-tab=\"20\" data-height-tab-portrait=\"\" data-height-mobile-landscape=\"\" style=\"clear:both;display:block;\"><\/div><div id=\"ultimate-heading69ea6fa5665ee\" class=\"uvc-heading ultimate-heading69ea6fa5665ee uvc-9141 \" data-hspacer=\"no_spacer\"  data-halign=\"center\" style=\"text-align:center\"><div class=\"uvc-heading-spacer no_spacer\" style=\"\"><\/div><div class=\"uvc-main-heading ult-responsive\"  data-ultimate-target='.uvc-heading.ultimate-heading69ea6fa5665ee h2'  data-responsive-json-new='{\"font-size\":\"\",\"line-height\":\"\"}' ><h2 style=\"font-weight:normal;\">UN ESTILO DE VIDA MAS SALUDABLE COMIENZA EN EL GRIFO<\/h2><\/div><\/div>[\/vc_column][\/vc_row][vc_row full_width=\u00bb\u00bb parallax=\u00bb\u00bb parallax_image=\u00bb\u00bb bg_type=\u00bb\u00bb parallax_style=\u00bb\u00bb bg_image_new=\u00bb\u00bb layer_image=\u00bb\u00bb bg_image_repeat=\u00bb\u00bb bg_image_size=\u00bb\u00bb bg_cstm_size=\u00bb\u00bb bg_img_attach=\u00bb\u00bb parallax_sense=\u00bb\u00bb bg_image_posiiton=\u00bb\u00bb animation_direction=\u00bb\u00bb animation_repeat=\u00bb\u00bb video_url=\u00bb\u00bb video_url_2=\u00bb\u00bb u_video_url=\u00bb\u00bb video_opts=\u00bb\u00bb video_poster=\u00bb\u00bb u_start_time=\u00bb\u00bb u_stop_time=\u00bb\u00bb viewport_vdo=\u00bb\u00bb enable_controls=\u00bb\u00bb bg_override=\u00bb\u00bb disable_on_mobile_img_parallax=\u00bb\u00bb parallax_content=\u00bb\u00bb parallax_content_sense=\u00bb\u00bb fadeout_row=\u00bb\u00bb fadeout_start_effect=\u00bb\u00bb enable_overlay=\u00bb\u00bb overlay_color=\u00bb\u00bb overlay_pattern=\u00bb\u00bb overlay_pattern_opacity=\u00bb\u00bb overlay_pattern_size=\u00bb\u00bb overlay_pattern_attachment=\u00bb\u00bb multi_color_overlay=\u00bb\u00bb multi_color_overlay_opacity=\u00bb\u00bb seperator_enable=\u00bb\u00bb seperator_type=\u00bb\u00bb seperator_position=\u00bb\u00bb seperator_shape_size=\u00bb\u00bb seperator_svg_height=\u00bb\u00bb seperator_shape_background=\u00bb\u00bb seperator_shape_border=\u00bb\u00bb seperator_shape_border_color=\u00bb\u00bb seperator_shape_border_width=\u00bb\u00bb icon_type=\u00bb\u00bb icon=\u00bb\u00bb icon_size=\u00bb\u00bb icon_color=\u00bb\u00bb icon_style=\u00bb\u00bb icon_color_bg=\u00bb\u00bb icon_border_style=\u00bb\u00bb icon_color_border=\u00bb\u00bb icon_border_size=\u00bb\u00bb icon_border_radius=\u00bb\u00bb icon_border_spacing=\u00bb\u00bb icon_img=\u00bb\u00bb img_width=\u00bb\u00bb ult_hide_row=\u00bb\u00bb ult_hide_row_large_screen=\u00bb\u00bb ult_hide_row_desktop=\u00bb\u00bb ult_hide_row_tablet=\u00bb\u00bb ult_hide_row_tablet_small=\u00bb\u00bb ult_hide_row_mobile=\u00bb\u00bb ult_hide_row_mobile_large=\u00bb\u00bb][vc_column width=\u00bb1\/4&#8243;]<div class=\"ult-spacer spacer-69ea6fa5665fa\" data-id=\"69ea6fa5665fa\" data-height=\"20\" data-height-mobile=\"20\" data-height-tab=\"20\" data-height-tab-portrait=\"\" data-height-mobile-landscape=\"\" style=\"clear:both;display:block;\"><\/div>[vc_single_image image=\u00bb4815&#8243; alignment=\u00bbcenter\u00bb style=\u00bb\u00bb border_color=\u00bbgrey\u00bb img_link_large=\u00bb\u00bb img_link_target=\u00bb_self\u00bb css_animation=\u00bb\u00bb img_size=\u00bblarge\u00bb][\/vc_column][vc_column width=\u00bb1\/2&#8243;]<div class=\"ult-spacer spacer-69ea6fa566603\" data-id=\"69ea6fa566603\" data-height=\"20\" data-height-mobile=\"20\" data-height-tab=\"20\" data-height-tab-portrait=\"\" data-height-mobile-landscape=\"\" style=\"clear:both;display:block;\"><\/div><div class=\"ult-spacer spacer-69ea6fa56660c\" data-id=\"69ea6fa56660c\" data-height=\"20\" data-height-mobile=\"20\" data-height-tab=\"20\" data-height-tab-portrait=\"\" data-height-mobile-landscape=\"\" style=\"clear:both;display:block;\"><\/div><div id=\"ultimate-heading69ea6fa56661e\" class=\"uvc-heading ultimate-heading69ea6fa56661e uvc-3576 \" data-hspacer=\"no_spacer\"  data-halign=\"left\" style=\"text-align:left\"><div class=\"uvc-heading-spacer no_spacer\" style=\"\"><\/div><div class=\"uvc-sub-heading ult-responsive\"  data-ultimate-target='.uvc-heading.ultimate-heading69ea6fa56661e .uvc-sub-heading '  data-responsive-json-new='{\"font-size\":\"\",\"line-height\":\"\"}'  style=\"font-weight:normal;\"><\/p>\n<ul>\n<li><strong>Podria Ayudar Con La Longevidad<\/strong><\/li>\n<li><strong>El agua Es La Hidratacion Adecuada Para Los Atletas<\/strong><\/li>\n<li><strong>Podria Ayudar En Reducir Los Niveles De Glucosa En La Sangre<\/strong><\/li>\n<\/ul>\n<p>Fuente de Datos: Libreria Nacional de Medicina de Los Estados Unidos (<a href=\"https:\/\/www.nlm.nih.gov\/\">https:\/\/www.nlm.nih.gov\/<\/a>)<\/div><\/div><div class=\"ult-spacer spacer-69ea6fa56662a\" data-id=\"69ea6fa56662a\" data-height=\"20\" data-height-mobile=\"20\" data-height-tab=\"20\" data-height-tab-portrait=\"\" data-height-mobile-landscape=\"\" style=\"clear:both;display:block;\"><\/div>[\/vc_column][vc_column width=\u00bb1\/4&#8243;]<div class=\"ult-spacer spacer-69ea6fa566633\" data-id=\"69ea6fa566633\" data-height=\"20\" data-height-mobile=\"20\" data-height-tab=\"20\" data-height-tab-portrait=\"\" data-height-mobile-landscape=\"\" style=\"clear:both;display:block;\"><\/div>[vc_single_image image=\u00bb6677&#8243; alignment=\u00bbcenter\u00bb style=\u00bb\u00bb border_color=\u00bbgrey\u00bb img_link_large=\u00bb\u00bb img_link_target=\u00bb_self\u00bb css_animation=\u00bb\u00bb img_size=\u00bblarge\u00bb][\/vc_column][\/vc_row]<\/p>\n<\/div>","protected":false},"excerpt":{"rendered":"<p>[vc_row full_width=\u00bb\u00bb parallax=\u00bb\u00bb parallax_image=\u00bb\u00bb bg_type=\u00bb\u00bb parallax_style=\u00bb\u00bb bg_image_new=\u00bb\u00bb layer_image=\u00bb\u00bb bg_image_repeat=\u00bb\u00bb bg_image_size=\u00bb\u00bb bg_cstm_size=\u00bb\u00bb bg_img_attach=\u00bb\u00bb parallax_sense=\u00bb\u00bb bg_image_posiiton=\u00bb\u00bb animation_direction=\u00bb\u00bb animation_repeat=\u00bb\u00bb video_url=\u00bb\u00bb video_url_2=\u00bb\u00bb u_video_url=\u00bb\u00bb video_opts=\u00bb\u00bb video_poster=\u00bb\u00bb u_start_time=\u00bb\u00bb u_stop_time=\u00bb\u00bb viewport_vdo=\u00bb\u00bb enable_controls=\u00bb\u00bb bg_override=\u00bb\u00bb disable_on_mobile_img_parallax=\u00bb\u00bb parallax_content=\u00bb\u00bb parallax_content_sense=\u00bb\u00bb fadeout_row=\u00bb\u00bb fadeout_start_effect=\u00bb\u00bb enable_overlay=\u00bb\u00bb overlay_color=\u00bb\u00bb overlay_pattern=\u00bb\u00bb overlay_pattern_opacity=\u00bb\u00bb overlay_pattern_size=\u00bb\u00bb overlay_pattern_attachment=\u00bb\u00bb multi_color_overlay=\u00bb\u00bb multi_color_overlay_opacity=\u00bb\u00bb seperator_enable=\u00bb\u00bb seperator_type=\u00bb\u00bb seperator_position=\u00bb\u00bb seperator_shape_size=\u00bb\u00bb seperator_svg_height=\u00bb\u00bb seperator_shape_background=\u00bb\u00bb seperator_shape_border=\u00bb\u00bb seperator_shape_border_color=\u00bb\u00bb seperator_shape_border_width=\u00bb\u00bb icon_type=\u00bb\u00bb icon=\u00bb\u00bb icon_size=\u00bb\u00bb icon_color=\u00bb\u00bb icon_style=\u00bb\u00bb icon_color_bg=\u00bb\u00bb icon_border_style=\u00bb\u00bb [&hellip;]<\/p>\n","protected":false},"author":1,"featured_media":0,"parent":6776,"menu_order":0,"comment_status":"closed","ping_status":"closed","template":"page.php","meta":{"_exactmetrics_skip_tracking":false,"_exactmetrics_sitenote_active":false,"_exactmetrics_sitenote_note":"","_exactmetrics_sitenote_category":0,"footnotes":""},"class_list":["post-6779","page","type-page","status-publish","hentry"],"_links":{"self":[{"href":"https:\/\/www.imperialware.net\/es\/wp-json\/wp\/v2\/pages\/6779","targetHints":{"allow":["GET"]}}],"collection":[{"href":"https:\/\/www.imperialware.net\/es\/wp-json\/wp\/v2\/pages"}],"about":[{"href":"https:\/\/www.imperialware.net\/es\/wp-json\/wp\/v2\/types\/page"}],"author":[{"embeddable":true,"href":"https:\/\/www.imperialware.net\/es\/wp-json\/wp\/v2\/users\/1"}],"replies":[{"embeddable":true,"href":"https:\/\/www.imperialware.net\/es\/wp-json\/wp\/v2\/comments?post=6779"}],"version-history":[{"count":9,"href":"https:\/\/www.imperialware.net\/es\/wp-json\/wp\/v2\/pages\/6779\/revisions"}],"predecessor-version":[{"id":6864,"href":"https:\/\/www.imperialware.net\/es\/wp-json\/wp\/v2\/pages\/6779\/revisions\/6864"}],"up":[{"embeddable":true,"href":"https:\/\/www.imperialware.net\/es\/wp-json\/wp\/v2\/pages\/6776"}],"wp:attachment":[{"href":"https:\/\/www.imperialware.net\/es\/wp-json\/wp\/v2\/media?parent=6779"}],"curies":[{"name":"wp","href":"https:\/\/api.w.org\/{rel}","templated":true}]}}