{"id":4938,"date":"2015-09-24T03:36:06","date_gmt":"2015-09-24T03:36:06","guid":{"rendered":"http:\/\/imperialware.net\/es\/ufd\/ultra-fresh-deluxe-components\/"},"modified":"2015-11-11T19:44:09","modified_gmt":"2015-11-11T19:44:09","slug":"ultra-fresh-deluxe-components","status":"publish","type":"page","link":"https:\/\/www.imperialware.net\/es\/ufd\/ultra-fresh-deluxe-components\/","title":{"rendered":"Ultra Fresh Deluxe \u00ae Components"},"content":{"rendered":"<div class=\"wpb-content-wrapper\"><p>[vc_row full_width=\u00bb\u00bb parallax=\u00bb\u00bb parallax_image=\u00bb\u00bb bg_type=\u00bb\u00bb parallax_style=\u00bb\u00bb bg_image_new=\u00bb\u00bb layer_image=\u00bb\u00bb bg_image_repeat=\u00bb\u00bb bg_image_size=\u00bb\u00bb bg_cstm_size=\u00bb\u00bb bg_img_attach=\u00bb\u00bb parallax_sense=\u00bb\u00bb bg_image_posiiton=\u00bb\u00bb animation_direction=\u00bb\u00bb animation_repeat=\u00bb\u00bb video_url=\u00bb\u00bb video_url_2=\u00bb\u00bb u_video_url=\u00bb\u00bb video_opts=\u00bb\u00bb video_poster=\u00bb\u00bb u_start_time=\u00bb\u00bb u_stop_time=\u00bb\u00bb viewport_vdo=\u00bb\u00bb enable_controls=\u00bb\u00bb bg_override=\u00bb\u00bb disable_on_mobile_img_parallax=\u00bb\u00bb parallax_content=\u00bb\u00bb parallax_content_sense=\u00bb\u00bb fadeout_row=\u00bb\u00bb fadeout_start_effect=\u00bb\u00bb enable_overlay=\u00bb\u00bb overlay_color=\u00bb\u00bb overlay_pattern=\u00bb\u00bb overlay_pattern_opacity=\u00bb\u00bb overlay_pattern_size=\u00bb\u00bb overlay_pattern_attachment=\u00bb\u00bb multi_color_overlay=\u00bb\u00bb multi_color_overlay_opacity=\u00bb\u00bb seperator_enable=\u00bb\u00bb seperator_type=\u00bb\u00bb seperator_position=\u00bb\u00bb seperator_shape_size=\u00bb\u00bb seperator_svg_height=\u00bb\u00bb seperator_shape_background=\u00bb\u00bb seperator_shape_border=\u00bb\u00bb seperator_shape_border_color=\u00bb\u00bb seperator_shape_border_width=\u00bb\u00bb icon_type=\u00bb\u00bb icon=\u00bb\u00bb icon_size=\u00bb\u00bb icon_color=\u00bb\u00bb icon_style=\u00bb\u00bb icon_color_bg=\u00bb\u00bb icon_border_style=\u00bb\u00bb icon_color_border=\u00bb\u00bb icon_border_size=\u00bb\u00bb icon_border_radius=\u00bb\u00bb icon_border_spacing=\u00bb\u00bb icon_img=\u00bb\u00bb img_width=\u00bb\u00bb ult_hide_row=\u00bb\u00bb ult_hide_row_large_screen=\u00bb\u00bb ult_hide_row_desktop=\u00bb\u00bb ult_hide_row_tablet=\u00bb\u00bb ult_hide_row_tablet_small=\u00bb\u00bb ult_hide_row_mobile=\u00bb\u00bb ult_hide_row_mobile_large=\u00bb\u00bb][vc_column width=\u00bb1\/1&#8243;]<div class=\"ult-spacer spacer-69ea5971e01ce\" data-id=\"69ea5971e01ce\" data-height=\"30\" data-height-mobile=\"30\" data-height-tab=\"30\" data-height-tab-portrait=\"\" data-height-mobile-landscape=\"\" style=\"clear:both;display:block;\"><\/div><div id=\"ultimate-heading69ea5971e0201\" class=\"uvc-heading ultimate-heading69ea5971e0201 uvc-9995 \" data-hspacer=\"no_spacer\"  data-halign=\"center\" style=\"text-align:center\"><div class=\"uvc-heading-spacer no_spacer\" style=\"\"><\/div><div class=\"uvc-main-heading ult-responsive\"  data-ultimate-target='.uvc-heading.ultimate-heading69ea5971e0201 h2'  data-responsive-json-new='{\"font-size\":\"\",\"line-height\":\"\"}' ><h2 style=\"font-weight:normal;\"> Ultra Fresh Deluxe \u00ae Components<\/h2><\/div><div class=\"uvc-sub-heading ult-responsive\"  data-ultimate-target='.uvc-heading.ultimate-heading69ea5971e0201 .uvc-sub-heading '  data-responsive-json-new='{\"font-size\":\"\",\"line-height\":\"\"}'  style=\"font-weight:normal;\"><br \/>\n<\/div><\/div>[\/vc_column][\/vc_row][vc_row full_width=\u00bb\u00bb parallax=\u00bb\u00bb parallax_image=\u00bb\u00bb bg_type=\u00bb\u00bb parallax_style=\u00bb\u00bb bg_image_new=\u00bb\u00bb layer_image=\u00bb\u00bb bg_image_repeat=\u00bb\u00bb bg_image_size=\u00bb\u00bb bg_cstm_size=\u00bb\u00bb bg_img_attach=\u00bb\u00bb parallax_sense=\u00bb\u00bb bg_image_posiiton=\u00bb\u00bb animation_direction=\u00bb\u00bb animation_repeat=\u00bb\u00bb video_url=\u00bb\u00bb video_url_2=\u00bb\u00bb u_video_url=\u00bb\u00bb video_opts=\u00bb\u00bb video_poster=\u00bb\u00bb u_start_time=\u00bb\u00bb u_stop_time=\u00bb\u00bb viewport_vdo=\u00bb\u00bb enable_controls=\u00bb\u00bb bg_override=\u00bb\u00bb disable_on_mobile_img_parallax=\u00bb\u00bb parallax_content=\u00bb\u00bb parallax_content_sense=\u00bb\u00bb fadeout_row=\u00bb\u00bb fadeout_start_effect=\u00bb\u00bb enable_overlay=\u00bb\u00bb overlay_color=\u00bb\u00bb overlay_pattern=\u00bb\u00bb overlay_pattern_opacity=\u00bb\u00bb overlay_pattern_size=\u00bb\u00bb overlay_pattern_attachment=\u00bb\u00bb multi_color_overlay=\u00bb\u00bb multi_color_overlay_opacity=\u00bb\u00bb seperator_enable=\u00bb\u00bb seperator_type=\u00bb\u00bb seperator_position=\u00bb\u00bb seperator_shape_size=\u00bb\u00bb seperator_svg_height=\u00bb\u00bb seperator_shape_background=\u00bb\u00bb seperator_shape_border=\u00bb\u00bb seperator_shape_border_color=\u00bb\u00bb seperator_shape_border_width=\u00bb\u00bb icon_type=\u00bb\u00bb icon=\u00bb\u00bb icon_size=\u00bb\u00bb icon_color=\u00bb\u00bb icon_style=\u00bb\u00bb icon_color_bg=\u00bb\u00bb icon_border_style=\u00bb\u00bb icon_color_border=\u00bb\u00bb icon_border_size=\u00bb\u00bb icon_border_radius=\u00bb\u00bb icon_border_spacing=\u00bb\u00bb icon_img=\u00bb\u00bb img_width=\u00bb\u00bb ult_hide_row=\u00bb\u00bb ult_hide_row_large_screen=\u00bb\u00bb ult_hide_row_desktop=\u00bb\u00bb ult_hide_row_tablet=\u00bb\u00bb ult_hide_row_tablet_small=\u00bb\u00bb ult_hide_row_mobile=\u00bb\u00bb ult_hide_row_mobile_large=\u00bb\u00bb][vc_column width=\u00bb2\/3&#8243;][vc_row_inner][vc_column_inner el_class=\u00bb\u00bb width=\u00bb1\/1&#8243;]<div class=\"ult-spacer spacer-69ea5971e021d\" data-id=\"69ea5971e021d\" data-height=\"20\" data-height-mobile=\"20\" data-height-tab=\"20\" data-height-tab-portrait=\"\" data-height-mobile-landscape=\"\" style=\"clear:both;display:block;\"><\/div>[vc_column_text]Los Duraderos casquillos finales de propileno est\u00e1n impermeabilizados en el bloque de carb\u00f3n, y filtros previos proporcionanado una estructura s\u00f3lida.<\/p>\n<p>Una red de nylon rodea los prefiltros de fibra , para proporcionar un apoyo adicional.<\/p>\n<p>Al pasar el agua por el prefiltro, el bloque de carb\u00f3n s\u00f3lido atrapa f\u00edsicamente las part\u00edculas y absorbe qu\u00edmicamente los numerosos productos qu\u00edmicos, pesticidas, herbicidas y ciertos metales pesados que permanecen en el agua. Como el filtro bloque de carb\u00f3n catalit\u00edco s\u00f3lido comprimido de 0,5 micr\u00f3metros est\u00e1 densamente compactado, su superficie se maximiza y el agua permanece en contacto con el material del filtro durante un periodo prolongado, con lo cual se asegura un nivel de rendimiento constantemente alto.<\/p>\n<p>Su prefiltro atrapa la tierra, la arena y las part\u00edculas que afectan al sabor, olor y claridad del agua. Las part\u00edculas demasiado peque\u00f1as para quedar atrapadas mec\u00e1nicamente son absorbidas con posterioridad electrocin\u00e9ticamente a la superficie del prefiltro (Prefiltro laminado con Nanotecnolog\u00eda).[\/vc_column_text][\/vc_column_inner][\/vc_row_inner][vc_single_image image=\u00bb6029&#8243; alignment=\u00bbcenter\u00bb style=\u00bb\u00bb border_color=\u00bbgrey\u00bb img_link_large=\u00bb\u00bb img_link_target=\u00bb_self\u00bb css_animation=\u00bb\u00bb img_size=\u00bbfull\u00bb][\/vc_column][vc_column width=\u00bb1\/3&#8243;]<div class=\"ult-spacer spacer-69ea5971e022b\" data-id=\"69ea5971e022b\" data-height=\"20\" data-height-mobile=\"20\" data-height-tab=\"20\" data-height-tab-portrait=\"\" data-height-mobile-landscape=\"\" style=\"clear:both;display:block;\"><\/div>[vc_wp_custommenu nav_menu=\u00bb47&#8243;][\/vc_column][\/vc_row][vc_row full_width=\u00bb\u00bb parallax=\u00bb\u00bb parallax_image=\u00bb\u00bb bg_type=\u00bb\u00bb parallax_style=\u00bb\u00bb bg_image_new=\u00bb\u00bb layer_image=\u00bb\u00bb bg_image_repeat=\u00bb\u00bb bg_image_size=\u00bb\u00bb bg_cstm_size=\u00bb\u00bb bg_img_attach=\u00bb\u00bb parallax_sense=\u00bb\u00bb bg_image_posiiton=\u00bb\u00bb animation_direction=\u00bb\u00bb animation_repeat=\u00bb\u00bb video_url=\u00bb\u00bb video_url_2=\u00bb\u00bb u_video_url=\u00bb\u00bb video_opts=\u00bb\u00bb video_poster=\u00bb\u00bb u_start_time=\u00bb\u00bb u_stop_time=\u00bb\u00bb viewport_vdo=\u00bb\u00bb enable_controls=\u00bb\u00bb bg_override=\u00bb\u00bb disable_on_mobile_img_parallax=\u00bb\u00bb parallax_content=\u00bb\u00bb parallax_content_sense=\u00bb\u00bb fadeout_row=\u00bb\u00bb fadeout_start_effect=\u00bb\u00bb enable_overlay=\u00bb\u00bb overlay_color=\u00bb\u00bb overlay_pattern=\u00bb\u00bb overlay_pattern_opacity=\u00bb\u00bb overlay_pattern_size=\u00bb\u00bb overlay_pattern_attachment=\u00bb\u00bb multi_color_overlay=\u00bb\u00bb multi_color_overlay_opacity=\u00bb\u00bb seperator_enable=\u00bb\u00bb seperator_type=\u00bb\u00bb seperator_position=\u00bb\u00bb seperator_shape_size=\u00bb\u00bb seperator_svg_height=\u00bb\u00bb seperator_shape_background=\u00bb\u00bb seperator_shape_border=\u00bb\u00bb seperator_shape_border_color=\u00bb\u00bb seperator_shape_border_width=\u00bb\u00bb icon_type=\u00bb\u00bb icon=\u00bb\u00bb icon_size=\u00bb\u00bb icon_color=\u00bb\u00bb icon_style=\u00bb\u00bb icon_color_bg=\u00bb\u00bb icon_border_style=\u00bb\u00bb icon_color_border=\u00bb\u00bb icon_border_size=\u00bb\u00bb icon_border_radius=\u00bb\u00bb icon_border_spacing=\u00bb\u00bb icon_img=\u00bb\u00bb img_width=\u00bb\u00bb ult_hide_row=\u00bb\u00bb ult_hide_row_large_screen=\u00bb\u00bb ult_hide_row_desktop=\u00bb\u00bb ult_hide_row_tablet=\u00bb\u00bb ult_hide_row_tablet_small=\u00bb\u00bb ult_hide_row_mobile=\u00bb\u00bb ult_hide_row_mobile_large=\u00bb\u00bb el_id=\u00bb\u00bb][vc_column width=\u00bb1\/1&#8243;]<div class=\"ult-spacer spacer-69ea5971e0233\" data-id=\"69ea5971e0233\" data-height=\"40\" data-height-mobile=\"40\" data-height-tab=\"40\" data-height-tab-portrait=\"\" data-height-mobile-landscape=\"\" style=\"clear:both;display:block;\"><\/div>[vc_column_text css_animation=\u00bb\u00bb]<\/p>\n<p style=\"text-align: justify;\">Los diferentes colores y objetos son s\u00f3lo una representaci\u00f3n gr\u00e1fica de los diferentes elementos filtrantes de este sistema avanzado de filtraci\u00f3n de agua. No representan el color exacto, la cantidad o la posici\u00f3n de los mismos dentro del sistema.<\/p>\n<p>[\/vc_column_text][vc_separator color=\u00bbgrey\u00bb align=\u00bbalign_center\u00bb style=\u00bb\u00bb border_width=\u00bb\u00bb el_width=\u00bb\u00bb]<div class=\"ult-spacer spacer-69ea5971e023c\" data-id=\"69ea5971e023c\" data-height=\"40\" data-height-mobile=\"40\" data-height-tab=\"40\" data-height-tab-portrait=\"\" data-height-mobile-landscape=\"\" style=\"clear:both;display:block;\"><\/div>[\/vc_column][\/vc_row]<\/p>\n<\/div>","protected":false},"excerpt":{"rendered":"<p>[vc_row full_width=\u00bb\u00bb parallax=\u00bb\u00bb parallax_image=\u00bb\u00bb bg_type=\u00bb\u00bb parallax_style=\u00bb\u00bb bg_image_new=\u00bb\u00bb layer_image=\u00bb\u00bb bg_image_repeat=\u00bb\u00bb bg_image_size=\u00bb\u00bb bg_cstm_size=\u00bb\u00bb bg_img_attach=\u00bb\u00bb parallax_sense=\u00bb\u00bb bg_image_posiiton=\u00bb\u00bb animation_direction=\u00bb\u00bb animation_repeat=\u00bb\u00bb video_url=\u00bb\u00bb video_url_2=\u00bb\u00bb u_video_url=\u00bb\u00bb video_opts=\u00bb\u00bb video_poster=\u00bb\u00bb u_start_time=\u00bb\u00bb u_stop_time=\u00bb\u00bb viewport_vdo=\u00bb\u00bb enable_controls=\u00bb\u00bb bg_override=\u00bb\u00bb disable_on_mobile_img_parallax=\u00bb\u00bb parallax_content=\u00bb\u00bb parallax_content_sense=\u00bb\u00bb fadeout_row=\u00bb\u00bb fadeout_start_effect=\u00bb\u00bb enable_overlay=\u00bb\u00bb overlay_color=\u00bb\u00bb overlay_pattern=\u00bb\u00bb overlay_pattern_opacity=\u00bb\u00bb overlay_pattern_size=\u00bb\u00bb overlay_pattern_attachment=\u00bb\u00bb multi_color_overlay=\u00bb\u00bb multi_color_overlay_opacity=\u00bb\u00bb seperator_enable=\u00bb\u00bb seperator_type=\u00bb\u00bb seperator_position=\u00bb\u00bb seperator_shape_size=\u00bb\u00bb seperator_svg_height=\u00bb\u00bb seperator_shape_background=\u00bb\u00bb seperator_shape_border=\u00bb\u00bb seperator_shape_border_color=\u00bb\u00bb seperator_shape_border_width=\u00bb\u00bb icon_type=\u00bb\u00bb icon=\u00bb\u00bb icon_size=\u00bb\u00bb icon_color=\u00bb\u00bb icon_style=\u00bb\u00bb icon_color_bg=\u00bb\u00bb icon_border_style=\u00bb\u00bb [&hellip;]<\/p>\n","protected":false},"author":1,"featured_media":0,"parent":4935,"menu_order":0,"comment_status":"closed","ping_status":"closed","template":"page.php","meta":{"_exactmetrics_skip_tracking":false,"_exactmetrics_sitenote_active":false,"_exactmetrics_sitenote_note":"","_exactmetrics_sitenote_category":0,"footnotes":""},"class_list":["post-4938","page","type-page","status-publish","hentry"],"_links":{"self":[{"href":"https:\/\/www.imperialware.net\/es\/wp-json\/wp\/v2\/pages\/4938","targetHints":{"allow":["GET"]}}],"collection":[{"href":"https:\/\/www.imperialware.net\/es\/wp-json\/wp\/v2\/pages"}],"about":[{"href":"https:\/\/www.imperialware.net\/es\/wp-json\/wp\/v2\/types\/page"}],"author":[{"embeddable":true,"href":"https:\/\/www.imperialware.net\/es\/wp-json\/wp\/v2\/users\/1"}],"replies":[{"embeddable":true,"href":"https:\/\/www.imperialware.net\/es\/wp-json\/wp\/v2\/comments?post=4938"}],"version-history":[{"count":7,"href":"https:\/\/www.imperialware.net\/es\/wp-json\/wp\/v2\/pages\/4938\/revisions"}],"predecessor-version":[{"id":6167,"href":"https:\/\/www.imperialware.net\/es\/wp-json\/wp\/v2\/pages\/4938\/revisions\/6167"}],"up":[{"embeddable":true,"href":"https:\/\/www.imperialware.net\/es\/wp-json\/wp\/v2\/pages\/4935"}],"wp:attachment":[{"href":"https:\/\/www.imperialware.net\/es\/wp-json\/wp\/v2\/media?parent=4938"}],"curies":[{"name":"wp","href":"https:\/\/api.w.org\/{rel}","templated":true}]}}